{"id":1340,"date":"2024-04-22T14:08:18","date_gmt":"2024-04-22T12:08:18","guid":{"rendered":"https:\/\/www.appartamentiarcobaleno.it\/home-page\/"},"modified":"2024-04-26T20:59:21","modified_gmt":"2024-04-26T18:59:21","slug":"home-page","status":"publish","type":"page","link":"https:\/\/www.appartamentiarcobaleno.it\/de\/","title":{"rendered":"Home Page"},"content":{"rendered":"<div class=\"wpb-content-wrapper\"><p>[vc_row css_animation=&#8220;&#8220; row_type=&#8220;row&#8220; use_row_as_full_screen_section=&#8220;no&#8220; type=&#8220;full_width&#8220; angled_section=&#8220;yes&#8220; angled_section_position=&#8220;both&#8220; angled_section_direction=&#8220;from_left_to_right&#8220; text_align=&#8220;center&#8220; background_image_as_pattern=&#8220;without_pattern&#8220; anchor=&#8220;home&#8220; z_index=&#8220;&#8220;][vc_column][rev_slider_vc alias=&#8220;home&#8220;][\/vc_column][\/vc_row][vc_row css_animation=&#8220;&#8220; row_type=&#8220;row&#8220; use_row_as_full_screen_section=&#8220;no&#8220; type=&#8220;grid&#8220; angled_section=&#8220;no&#8220; text_align=&#8220;left&#8220; background_image_as_pattern=&#8220;without_pattern&#8220; anchor=&#8220;descrizione&#8220; padding_top=&#8220;40&#8243; padding_bottom=&#8220;40&#8243; z_index=&#8220;&#8220;][vc_column][vc_empty_space][vc_separator css_animation=&#8220;fadeInDown&#8220; type=&#8220;normal&#8220; color=&#8220;#005aa9&#8243; thickness=&#8220;1&#8243;][vc_empty_space][vc_column_text]<\/p>\n<h2 style=\"text-align: center;\">Arcobaleno Ferienwohnungen<\/h2>\n<p>[\/vc_column_text][vc_empty_space][vc_row_inner row_type=&#8220;row&#8220; type=&#8220;full_width&#8220; text_align=&#8220;left&#8220; css_animation=&#8220;&#8220;][vc_column_inner width=&#8220;2\/3&#8243;][vc_column_text]Die Arcobaleno Ferienwohnungen befinden sich in einem neu gebauten Geb\u00e4ude, das durch seine charakteristischen vom Regenbogen und von den typischen H\u00e4usern der venezianischen Lagune inspirierten Farben gekennzeichnet ist.<br \/>\nUnser Beherbergungsbetrieb befindet sich in einer ruhigen Gegend, die auch reich an Gr\u00fcn ist. Sie ist ideal f\u00fcr diejenigen, die einen ruhigen Urlaub weg vom Chaos suchen.<br \/>\nZum Strand gelangen Sie \u00fcber eine bequeme Privatstra\u00dfe, die Sie zu Fu\u00df etwa 100 Meter a blaufen m\u00fcssen. Die Wohnungen sind von verschiedenen Fl\u00e4chen und Eigenschaften, die Ihre Anforderungen erf\u00fcllen werden.<br \/>\nWir befinden uns auf der Hauptstra\u00dfe, wo Ihnen alle Dienstleistungen wie Bars, Pizzerien, Restaurants, Kirche, Superm\u00e4rkte, Gesch\u00e4fte, Vergn\u00fcgungspark usw. zur Verf\u00fcgung stehen.<br \/>\nDiese Dienstleistungen sind in wenigen Minuten zu Fu\u00df leicht erreichbar.<br \/>\nDie Besitzer leiten den Betrieb direkt und werden Ihnen daher zur Verf\u00fcgung stehen, um Ihre W\u00fcnsche zu erf\u00fcllen und Ihren Aufenthalt so angenehm und entspannend wie m\u00f6glich zu machen. Der Klang der Wellen, die sich an den K\u00fcstenstreifen anschlagen, wird Sie beim Sonnenaufgang wiegen.[\/vc_column_text][\/vc_column_inner][vc_column_inner width=&#8220;1\/3&#8243;][vc_single_image image=&#8220;532&#8243; img_size=&#8220;400&#215;330&#8243; alignment=&#8220;center&#8220; qode_css_animation=&#8220;&#8220;][\/vc_column_inner][\/vc_row_inner][vc_empty_space][vc_separator css_animation=&#8220;fadeInDown&#8220; type=&#8220;normal&#8220; color=&#8220;#005aa9&#8243; thickness=&#8220;1&#8243;][\/vc_column][\/vc_row][vc_row css_animation=&#8220;&#8220; row_type=&#8220;row&#8220; use_row_as_full_screen_section=&#8220;no&#8220; type=&#8220;grid&#8220; angled_section=&#8220;no&#8220; text_align=&#8220;left&#8220; background_image_as_pattern=&#8220;without_pattern&#8220; background_color=&#8220;#f2f2f2&#8243; padding_top=&#8220;30&#8243; padding_bottom=&#8220;60&#8243; z_index=&#8220;&#8220;][vc_column width=&#8220;1\/2&#8243;][vc_gallery interval=&#8220;3&#8243; images=&#8220;1295,1300,1305,1310,1315,1320,1325,1330&#8243; img_size=&#8220;600&#215;400&#8243;][vc_column_text]<\/p>\n<h2 style=\"text-align: center;\">Paguro<\/h2>\n<p>[\/vc_column_text][vc_accordion active_tab=&#8220;false&#8220; style=&#8220;boxed_toggle&#8220;][vc_accordion_tab title=&#8220;Beschreibung&#8220;][vc_column_text]<\/p>\n<p style=\"text-align: center;\">Komfortable Ferienwohnung im Erdgeschoss von ca. 35 qm, au\u00dfer einer<br \/>\nkleinen umz\u00e4unten Terrasse.<br \/>\nSie bietet Platz f\u00fcr bis zu 4 Personen und verf\u00fcgt \u00fcber ein Doppelbett und<br \/>\nein Etagenbett.<br \/>\nEs gibt viele Annehmlichkeiten wie Klimaanlage, Heizung, Full-HD-<br \/>\nTV, kostenloses WLAN, Sat-TV, Waschmaschine, K\u00fchlschrank und Gefrierschrank, 4-Feuer-<br \/>\nKochherd und ausgestattete K\u00fcche.<br \/>\nUnsere Ferienwohnungen befinden sich in einem neu gebauten Geb\u00e4ude,<br \/>\ndas durch die typischen Farben der Lagune von Venedig gekennzeichnet is<br \/>\nt, nur 100 Meter vom Meer entfernt. Sie sind geeignet f\u00fcr diejenigen, die<br \/>\neinen komfortablen und entspannenden Aufenthalt weit weg von den<br \/>\n\u00fcberf\u00fcllten Orten suchen, aber gleichzeitig bequem die St\u00e4dte Chioggia,<br \/>\nVenedig, Padua erreichen wollen und auch einen Ausflug im Po-<br \/>\nDelta machen m\u00f6chten.<br \/>\nUnseren gesch\u00e4tzten G\u00e4sten wird die Benutzung eines Sonnenschirms und<br \/>\nzwei Liegen in der konventionellen Badeanstalt &#8222;;L\u2019ultima spiaggia&#8220;;<br \/>\nkostenlos zur Verf\u00fcgung gestellt. Die Badeanstalt liegt 100 m von unseren<br \/>\nWohnungen entfernt.<\/p>\n<p>[\/vc_column_text][\/vc_accordion_tab][\/vc_accordion][\/vc_column][vc_column width=&#8220;1\/2&#8243;][vc_gallery interval=&#8220;3&#8243; images=&#8220;983,988,993,998,1003,1008,1013,1018,1023,1028,1033,1038,1043&#8243; img_size=&#8220;600&#215;400&#8243;][vc_column_text]<\/p>\n<h2 style=\"text-align: center;\">Stella Marina<\/h2>\n<p>[\/vc_column_text][vc_accordion active_tab=&#8220;false&#8220; style=&#8220;boxed_toggle&#8220;][vc_accordion_tab title=&#8220;Beschreibung&#8220;][vc_column_text]<\/p>\n<p style=\"text-align: center;\">Komfortable Ferienwohnung im Erdgeschoss\/im erh\u00f6hten Stockwerk von ca. 35 qm, au\u00dfer einer umz\u00e4unten Terrasse von 25 qm. Die Terrasse ist ideal f\u00fcr ein Abendessen im Freien und ein sicherer Ort f\u00fcr Ihre Kinder.<br \/>\nDie Wohnung befindet sich auf der S\u00fcdseite\/ auf der Nordseite in Richtung<br \/>\nder ehemaligen Marinekolonie.<br \/>\nSie bietet Platz f\u00fcr bis zu 4 Personen und verf\u00fcgt \u00fcber ein Doppelbett und<br \/>\nzwei Einzelbetten.<br \/>\nEs gibt viele Annehmlichkeiten wie Klimaanlage, Heizung, Full-HD-TV,<br \/>\nkostenloses WLAN, Sat-TV, Waschmaschine, Insektenschutz, K\u00fchlschrank<br \/>\nund Gefrierschrank, 4-Feuer-Kochherd und ausgestattete K\u00fcche.<br \/>\nUnsere Ferienwohnungen befinden sich in einem neu gebauten Geb\u00e4ude,das durch die typischen Farben der Lagune von Venedig gekennzeichnet ist, nur 100 Meter vom Meer entfernt. Sie sind geeignet f\u00fcr diejenigen, die einen komfortablen und entspannenden Aufenthalt weit weg von den \u00fcberf\u00fcllten Orten suchen, aber gleichzeitig bequem die St\u00e4dte Chioggia, Venedig, Padua erreichen wollen und auch einen Ausflug im Po-Delta<br \/>\nmachen m\u00f6chten.<\/p>\n<p style=\"text-align: center;\">Unseren gesch\u00e4tzten G\u00e4sten wird die Benutzung eines Sonnenschirms und zwei Liegen in der konventionellen Badeanstalt \u201cL\u2019ultima spiaggia\u201d ; kostenlos zur Verf\u00fcgung gestellt. Die Badeanstalt liegt 100 m von unseren Wohnungen entfernt.<\/p>\n<p>[\/vc_column_text][\/vc_accordion_tab][\/vc_accordion][\/vc_column][\/vc_row][vc_row css_animation=&#8220;&#8220; row_type=&#8220;row&#8220; use_row_as_full_screen_section=&#8220;no&#8220; type=&#8220;grid&#8220; angled_section=&#8220;no&#8220; text_align=&#8220;left&#8220; background_image_as_pattern=&#8220;without_pattern&#8220; anchor=&#8220;appartamenti&#8220; background_color=&#8220;#f2f2f2&#8243; padding_top=&#8220;60&#8243; padding_bottom=&#8220;30&#8243; z_index=&#8220;&#8220;][vc_column width=&#8220;1\/2&#8243;][vc_gallery interval=&#8220;3&#8243; images=&#8220;947,952,957,962,967,972,977,942&#8243; img_size=&#8220;600&#215;400&#8243;][vc_column_text]<\/p>\n<h2 style=\"text-align: center;\">Ostrica<\/h2>\n<p>[\/vc_column_text][vc_accordion active_tab=&#8220;false&#8220; style=&#8220;boxed_toggle&#8220;][vc_accordion_tab title=&#8220;Beschreibung&#8220;][vc_column_text]<\/p>\n<p style=\"text-align: center;\">Komfortable Ferienwohnung im Erdgeschoss von ca. 42 qm, au\u00dfer einer<br \/>\numz\u00e4unten Terrasse von 35 qm. Die Terrasse ist ideal f\u00fcr ein Abendessen<br \/>\nim Freien und ein sicherer Ort f\u00fcr Ihre Kinder.<br \/>\nSie bietet Platz f\u00fcr bis zu 4 Personen und verf\u00fcgt \u00fcber ein Doppelbett und<br \/>\nzwei Einzelbetten.<br \/>\nEs gibt viele Annehmlichkeiten wie Klimaanlage, Heizung, Full-HD-TV,<br \/>\nkostenloses WLAN, Sat-TV, Waschmaschine, Insektenschutz, K\u00fchlschrank<br \/>\nund Gefrierschrank, 4-Feuer-Kochherd und ausgestattete K\u00fcche.<br \/>\nUnsere Ferienwohnungen befinden sich in einem neu gebauten Geb\u00e4ude,<br \/>\ndas durch die typischen Farben der Lagune von Venedig gekennzeichnet is<br \/>\nt, nur 100 Meter vom Meer entfernt. Sie sind geeignet f\u00fcr diejenigen, die<br \/>\neinen komfortablen und entspannenden Aufenthalt weit weg von den<br \/>\n\u00fcberf\u00fcllten Orten suchen, aber gleichzeitig bequem die St\u00e4dte Chioggia,<br \/>\nVenedig, Padua erreichen wollen und auch einen Ausflug im Po-<br \/>\nDelta machen m\u00f6chten.<br \/>\nUnseren gesch\u00e4tzten G\u00e4sten wird die Benutzung eines Sonnenschirms und<br \/>\nzwei Liegen in der konventionellen Badeanstalt &#8222;;L\u2019ultima spiaggia&#8220;;<br \/>\nkostenlos zur Verf\u00fcgung gestellt. Die Badeanstalt liegt 100 m von unseren<br \/>\nWohnungen entfernt.<\/p>\n<p>[\/vc_column_text][\/vc_accordion_tab][\/vc_accordion][\/vc_column][vc_column width=&#8220;1\/2&#8243;][vc_gallery interval=&#8220;3&#8243; images=&#8220;1048,1053,1058,1063,1068,1073,1078,1083,1088,1093,1098,1103,1108,1113,1118,1123,1128,1133&#8243; img_size=&#8220;600&#215;400&#8243;][vc_column_text]<\/p>\n<h2 style=\"text-align: center;\">Cavalluccio Marino<\/h2>\n<p>[\/vc_column_text][vc_accordion active_tab=&#8220;false&#8220; style=&#8220;boxed_toggle&#8220;][vc_accordion_tab title=&#8220;Beschreibung&#8220;][vc_column_text]<\/p>\n<p style=\"text-align: center;\">Ger\u00e4umige und komfortable Wohnung mit Meerblick ( gr\u00fcne Seite oder<br \/>\nSeite ehemalige Marinekolonie). Die Wohnung entwickelt sich auf zwei<br \/>\nEtagen und hat eine Fl\u00e4che von ca. 65 qm. Sie hat eine<br \/>\nTerrasse\/Sonnenterrasse von 25 qm, die \u00fcber zwei Liegest\u00fchle verf\u00fcgt. Im<br \/>\nSie bietet Platz f\u00fcr bis zu 6 Personen und verf\u00fcgt \u00fcber ein Doppelbett, zwei<br \/>\nEinzelbetten und ein bequemes Doppelschlafsofa.<br \/>\nEs gibt viele Annehmlichkeiten wie Klimaanlage in allen Zimmern, 2 Full-<br \/>\nHD-TV, kostenloses WLAN, Sat-TV, Insektenschutz, Waschmaschine,<br \/>\nK\u00fchlschrank und Gefrierschrank, 4-Feuer-Kochherd und ausgestattete<br \/>\nK\u00fcche.<br \/>\nUnsere Ferienwohnungen befinden sich in einem neu gebauten Geb\u00e4ude,<br \/>\ndas durch die typischen Farben der Lagune von Venedig gekennzeichnet is<br \/>\nt, nur 100 Meter vom Meer entfernt. Sie sind geeignet f\u00fcr diejenigen, die<br \/>\neinen komfortablen und entspannenden Aufenthalt weit weg von den<br \/>\n\u00fcberf\u00fcllten Orten suchen, aber gleichzeitig bequem die St\u00e4dte Chioggia,<br \/>\nVenedig, Padua erreichen wollen und auch einen Ausflug im Po-<br \/>\nDelta machen m\u00f6chten.<br \/>\nUnseren gesch\u00e4tzten G\u00e4sten wird die Benutzung eines Sonnenschirms und<br \/>\nzwei Liegen in der konventionellen Badeanstalt &#8222;;L\u2019ultima spiaggia&#8220;;<br \/>\nkostenlos zur Verf\u00fcgung gestellt. Die Badeanstalt liegt 100 m von unseren<br \/>\nWohnungen entfernt.<\/p>\n<p style=\"text-align: center;\">Die Bilder sind indikativ, f\u00fcr die bestimmte Wohnung sehen Sie die Fotos bei der Buchung.<\/p>\n<p>[\/vc_column_text][\/vc_accordion_tab][\/vc_accordion][\/vc_column][\/vc_row][vc_row css_animation=&#8220;&#8220; row_type=&#8220;row&#8220; use_row_as_full_screen_section=&#8220;no&#8220; type=&#8220;grid&#8220; angled_section=&#8220;no&#8220; text_align=&#8220;left&#8220; background_image_as_pattern=&#8220;without_pattern&#8220; background_color=&#8220;#f2f2f2&#8243; padding_top=&#8220;30&#8243; padding_bottom=&#8220;60&#8243; z_index=&#8220;&#8220;][vc_column width=&#8220;1\/2&#8243;][vc_gallery interval=&#8220;3&#8243; images=&#8220;1255,1260,1265,1270,1275,1280,1285,1290&#8243; img_size=&#8220;600&#215;400&#8243;][vc_column_text]<\/p>\n<h2 style=\"text-align: center;\">Granchio<\/h2>\n<p>[\/vc_column_text][vc_accordion active_tab=&#8220;false&#8220; style=&#8220;boxed_toggle&#8220;][vc_accordion_tab title=&#8220;Beschreibung&#8220;][vc_column_text]<\/p>\n<p style=\"text-align: center;\">Komfortable Wohnung mit zwei Schlafzimmern mit einem herrlichen<br \/>\nMeerblick. Die Wohnung entwickelt sich auf zwei Etagen und hat eine<br \/>\nFl\u00e4che von ca. 60 qm. Sie hat eine Terrasse\/Sonnenterrasse von 25 qm,<br \/>\ndie \u00fcber Liegest\u00fchle verf\u00fcgt. Die Wohnung hat 2 B\u00e4der.<br \/>\nSie bietet Platz f\u00fcr bis zu 4 Personen und verf\u00fcgt \u00fcber ein Doppelbett und z<br \/>\nwei Einzelbetten.<br \/>\nEs gibt viele Annehmlichkeiten wie Klimaanlage, 2 Full-HD-<br \/>\nTV, kostenloses WLAN, Sat-<\/p>\n<p style=\"text-align: center;\">TV, Waschmaschine, K\u00fchlschrank und Gefrierschrank, Insektenschutz, 4-<br \/>\nFeuer-Kochherd und ausgestattete K\u00fcche.<br \/>\nUnsere Ferienwohnungen befinden sich in einem neu gebauten Geb\u00e4ude,<br \/>\ndas durch die typischen Farben der Lagune von Venedig gekennzeichnet is<br \/>\nt, nur 100 Meter vom Meer entfernt. Sie sind geeignet f\u00fcr diejenigen, die<br \/>\neinen komfortablen und entspannenden Aufenthalt weit weg von den<br \/>\n\u00fcberf\u00fcllten Orten suchen, aber gleichzeitig bequem die St\u00e4dte Chioggia,<br \/>\nVenedig, Padua erreichen wollen und auch einen Ausflug im Po-<br \/>\nDelta machen m\u00f6chten.<br \/>\nUnseren gesch\u00e4tzten G\u00e4sten wird die Benutzung eines Sonnenschirms und<br \/>\nzwei Liegen in der konventionellen Badeanstalt &#8222;;L\u2019ultima spiaggia&#8220;;<br \/>\nkostenlos zur Verf\u00fcgung gestellt. Die Badeanstalt liegt 100 m von unseren<br \/>\nWohnungen entfernt.<\/p>\n<p>[\/vc_column_text][\/vc_accordion_tab][\/vc_accordion][\/vc_column][vc_column width=&#8220;1\/2&#8243;][vc_gallery interval=&#8220;3&#8243; images=&#8220;1138,1143,1148,1153,1158,1163,1168,1173,1178,1183,1188&#8243; img_size=&#8220;600&#215;400&#8243;][vc_column_text]<\/p>\n<h2 style=\"text-align: center;\">Cavalluccio Marino Plus<\/h2>\n<p>[\/vc_column_text][vc_accordion active_tab=&#8220;false&#8220; style=&#8220;boxed_toggle&#8220;][vc_accordion_tab title=&#8220;Beschreibung&#8220;][vc_column_text]<\/p>\n<p style=\"text-align: center;\">Ger\u00e4umige und komfortable Wohnung mit zwei Schlafzimmern. Die<br \/>\nWohnung entwickelt sich auf zwei Etagen und hat eine Fl\u00e4che von ca. 72<br \/>\nqm. Sie hat eine Terrasse\/Sonnenterrasse von 28 qm, die \u00fcber<br \/>\nLiegest\u00fchle verf\u00fcgt. Die Wohnung hat 2 B\u00e4der. Der Blick ist auf die<br \/>\nehemalige Seekolonie, auf die Nordseite.<br \/>\nSie bietet Platz f\u00fcr bis zu 6 Personen und verf\u00fcgt \u00fcber ein Doppelbett, zwei<br \/>\nEinzelbetten und ein bequemes Doppelschlafsofa.<br \/>\nEs gibt viele Annehmlichkeiten wie Klimaanlage in allen Zimmern, 2 Full-<br \/>\nHD-TV, kostenloses WLAN, Sat-TV, Insektenschutz, Waschmaschine,<br \/>\nK\u00fchlschrank und Gefrierschrank, 4-Feuer-Kochherd und ausgestattete<br \/>\nK\u00fcche.<br \/>\nUnsere Ferienwohnungen befinden sich in einem neu gebauten Geb\u00e4ude,<br \/>\ndas durch die typischen Farben der Lagune von Venedig gekennzeichnet is<br \/>\nt, nur 100 Meter vom Meer entfernt. Sie sind geeignet f\u00fcr diejenigen, die<br \/>\neinen komfortablen und entspannenden Aufenthalt weit weg von den<br \/>\n\u00fcberf\u00fcllten Orten suchen, aber gleichzeitig bequem die St\u00e4dte Chioggia,<br \/>\nVenedig, Padua erreichen wollen und auch einen Ausflug im Po-Delta<br \/>\nmachen m\u00f6chten.<br \/>\nUnseren gesch\u00e4tzten G\u00e4sten wird die Benutzung eines Sonnenschirms und<br \/>\nzwei Liegen in der konventionellen Badeanstalt &#8222;;L\u2019ultima spiaggia&#8220;;<br \/>\nkostenlos zur Verf\u00fcgung gestellt. Die Badeanstalt liegt 100 m von unseren<br \/>\nWohnungen entfernt.<\/p>\n<p>[\/vc_column_text][\/vc_accordion_tab][\/vc_accordion][\/vc_column][\/vc_row][vc_row css_animation=&#8220;&#8220; row_type=&#8220;row&#8220; use_row_as_full_screen_section=&#8220;no&#8220; type=&#8220;grid&#8220; angled_section=&#8220;no&#8220; text_align=&#8220;left&#8220; background_image_as_pattern=&#8220;without_pattern&#8220; anchor=&#8220;gallery&#8220; padding_top=&#8220;40&#8243; padding_bottom=&#8220;40&#8243; z_index=&#8220;&#8220;][vc_column][vc_separator css_animation=&#8220;fadeInDown&#8220; type=&#8220;normal&#8220; color=&#8220;#005aa9&#8243; thickness=&#8220;1&#8243;][vc_empty_space][vc_column_text]<\/p>\n<h2 style=\"text-align: center;\">Galerie<\/h2>\n<p>[\/vc_column_text][vc_empty_space][vc_row_inner row_type=&#8220;row&#8220; type=&#8220;full_width&#8220; text_align=&#8220;left&#8220; css_animation=&#8220;&#8220;][vc_column_inner][vc_gallery type=&#8220;image_grid&#8220; images=&#8220;1194,1199,1204,1209,1214,1219,1224,1229,1234,1239,1244,1353&#8243; img_size=&#8220;400&#215;300&#8243; column_number=&#8220;4&#8243; grayscale=&#8220;no&#8220; images_space=&#8220;gallery_with_space&#8220;][\/vc_column_inner][\/vc_row_inner][vc_empty_space][vc_separator css_animation=&#8220;fadeInDown&#8220; type=&#8220;normal&#8220; color=&#8220;#005aa9&#8243; thickness=&#8220;1&#8243;][\/vc_column][\/vc_row][vc_row css_animation=&#8220;&#8220; row_type=&#8220;row&#8220; use_row_as_full_screen_section=&#8220;no&#8220; type=&#8220;full_width&#8220; angled_section=&#8220;no&#8220; text_align=&#8220;left&#8220; background_image_as_pattern=&#8220;without_pattern&#8220; anchor=&#8220;posizione&#8220; z_index=&#8220;&#8220;][vc_column][vc_column_text]<\/p>\n<h2 style=\"text-align: center;\">Wo wir sind<\/h2>\n<p>[\/vc_column_text][vc_empty_space][vc_column_text]<div class=\"wpgmp_map_container wpgmp-map-provider-google wpgmp-map-2\" rel=\"map2\" data-plugin-version=\"4.8.6\"><div class=\"wpgmp_map_parent\"><div class=\"wpgmp_map \" style=\"width:100%; height:600px;\" id=\"map2\" data-map-id=\"2\"><\/div><\/div><\/div><script>jQuery(document).ready(function($){ window.wpgmp = window.wpgmp || {}; window.wpgmp.mapdata2 = \"eyJhdXRvc29ydCI6dHJ1ZSwibWFwX29wdGlvbnMiOnsiY2VudGVyX2xhdCI6IjQ1LjE3NjYxMiIsImNlbnRlcl9sbmciOiIxMi4zMTc3NDEiLCJ6b29tIjoxNCwibWFwX3R5cGVfaWQiOiJST0FETUFQIiwiY2VudGVyX2J5X25lYXJlc3QiOmZhbHNlLCJmaXRfYm91bmRzIjpmYWxzZSwic2hvd19jZW50ZXJfY2lyY2xlIjpmYWxzZSwic2hvd19jZW50ZXJfbWFya2VyIjpmYWxzZSwiY2VudGVyX21hcmtlcl9pY29uIjoiaHR0cHM6XC9cL3d3dy5hcHBhcnRhbWVudGlhcmNvYmFsZW5vLml0XC93cC1jb250ZW50XC9wbHVnaW5zXC93cC1nb29nbGUtbWFwLXBsdWdpblwvYXNzZXRzXC9pbWFnZXNcL1wvZGVmYXVsdF9tYXJrZXIucG5nIiwiZHJhZ2dhYmxlIjp0cnVlLCJzY3JvbGxfd2hlZWwiOiJmYWxzZSIsIm1hcmtlcl9kZWZhdWx0X2ljb24iOiJodHRwczpcL1wvd3d3LmFwcGFydGFtZW50aWFyY29iYWxlbm8uaXRcL3dwLWNvbnRlbnRcL3BsdWdpbnNcL3dwLWdvb2dsZS1tYXAtcGx1Z2luXC9hc3NldHNcL2ltYWdlc1wvXC9kZWZhdWx0X21hcmtlci5wbmciLCJpbmZvd2luZG93X3NraW4iOnsibmFtZSI6ImRlZmF1bHQiLCJ0eXBlIjoiaW5mb3dpbmRvdyJ9LCJpbmZvd2luZG93X2Ryb3BfYW5pbWF0aW9uIjpmYWxzZSwiY2xvc2VfaW5mb3dpbmRvd19vbl9tYXBfY2xpY2siOmZhbHNlLCJkZWZhdWx0X2luZm93aW5kb3dfb3BlbiI6ZmFsc2UsImluZm93aW5kb3dfb3Blbl9ldmVudCI6ImNsaWNrIiwibGlzdGluZ19pbmZvd2luZG93X29wZW5fZXZlbnQiOiJjbGljayIsImlzX21vYmlsZSI6ZmFsc2UsImluZm93aW5kb3dfZmlsdGVyX29ubHkiOmZhbHNlLCJpbmZvd2luZG93X2NsaWNrX2NoYW5nZV9jZW50ZXIiOmZhbHNlLCJmdWxsX3NjcmVlbl9jb250cm9sIjp0cnVlLCJjYW1lcmFfY29udHJvbCI6ZmFsc2UsInNlYXJjaF9jb250cm9sIjp0cnVlLCJ6b29tX2NvbnRyb2wiOnRydWUsIm1hcF90eXBlX2NvbnRyb2wiOnRydWUsInN0cmVldF92aWV3X2NvbnRyb2wiOnRydWUsImxvY2F0ZW1lX2NvbnRyb2wiOmZhbHNlLCJtb2JpbGVfc3BlY2lmaWMiOmZhbHNlLCJ6b29tX21vYmlsZSI6NSwiZHJhZ2dhYmxlX21vYmlsZSI6dHJ1ZSwic2Nyb2xsX3doZWVsX21vYmlsZSI6dHJ1ZSwiZnVsbF9zY3JlZW5fY29udHJvbF9wb3NpdGlvbiI6IlRPUF9SSUdIVCIsInpvb21fY29udHJvbF9wb3NpdGlvbiI6IlRPUF9MRUZUIiwibWFwX3R5cGVfY29udHJvbF9wb3NpdGlvbiI6IlRPUF9SSUdIVCIsIm1hcF90eXBlX2NvbnRyb2xfc3R5bGUiOiJIT1JJWk9OVEFMX0JBUiIsInN0cmVldF92aWV3X2NvbnRyb2xfcG9zaXRpb24iOiJUT1BfTEVGVCIsIm1hcF9pbmZvd2luZG93X2N1c3RvbWlzYXRpb25zIjpmYWxzZSwiaW5mb3dpbmRvd193aWR0aCI6IjEwMCUiLCJzaG93X2luZm93aW5kb3dfaGVhZGVyIjpmYWxzZSwiem9vbV9sZXZlbF9hZnRlcl9zZWFyY2giOjEwLCJkb3VibGVjbGlja3pvb20iOmZhbHNlLCJjdXJyZW50X3Bvc3Rfb25seSI6ZmFsc2UsImFkdmFuY2VfdGVtcGxhdGUiOmZhbHNlLCJtYXBfdGlsZV91cmwiOiJodHRwczpcL1wve3N9LnRpbGUub3BlbnN0cmVldG1hcC5vcmdcL3t6fVwve3h9XC97eX0ucG5nIiwib3BlbnN0cmVldF9zdHlsZXMiOnsiT3BlblN0cmVldE1hcC5NYXBuaWsiOiJodHRwczpcL1wve3N9LnRpbGUub3BlbnN0cmVldG1hcC5vcmdcL3t6fVwve3h9XC97eX0ucG5nIiwiT3BlblN0cmVldE1hcC5ERSI6Imh0dHBzOlwvXC97c30udGlsZS5vcGVuc3RyZWV0bWFwLmRlXC90aWxlc1wvb3NtZGVcL3t6fVwve3h9XC97eX0ucG5nIiwiT3BlblN0cmVldE1hcC5DSCI6Imh0dHBzOlwvXC90aWxlLm9zbS5jaFwvc3dpdHplcmxhbmRcL3t6fVwve3h9XC97eX0ucG5nIiwiT3BlblN0cmVldE1hcC5GcmFuY2UiOiJodHRwczpcL1wve3N9LnRpbGUub3BlbnN0cmVldG1hcC5mclwvb3NtZnJcL3t6fVwve3h9XC97eX0ucG5nIiwiT3BlblN0cmVldE1hcC5IT1QiOiJodHRwczpcL1wve3N9LnRpbGUub3BlbnN0cmVldG1hcC5mclwvaG90XC97en1cL3t4fVwve3l9LnBuZyIsIk9wZW5TdHJlZXRNYXAuQlpIIjoiaHR0cHM6XC9cL3RpbGUub3BlbnN0cmVldG1hcC5iemhcL2JyXC97en1cL3t4fVwve3l9LnBuZyIsIk9wZW5Ub3BvTWFwIjoiaHR0cHM6XC9cL3tzfS50aWxlLm9wZW50b3BvbWFwLm9yZ1wve3p9XC97eH1cL3t5fS5wbmciLCJUaHVuZGVyZm9yZXN0Lk9wZW5DeWNsZU1hcCI6Imh0dHBzOlwvXC9kZXYue3N9LnRpbGUub3BlbnN0cmVldG1hcC5mclwvY3ljbG9zbVwve3p9XC97eH1cL3t5fS5wbmciLCJPcGVuTWFwU3VyZmVyLlJvYWRzIjoiaHR0cHM6XC9cL21hcHMuaGVpZ2l0Lm9yZ1wvb3Blbm1hcHN1cmZlclwvdGlsZXNcL3JvYWRzXC93ZWJtZXJjYXRvclwve3p9XC97eH1cL3t5fS5wbmcifSwib3BlbnN0cmVldF9zdHlsZXNfbWFya3VwIjoiPHNlbGVjdCBjbGFzcz1cIndwb21wX21hcF90eXBlXCI+PG9wdGlvbiB2YWx1ZT1cIk9wZW5TdHJlZXRNYXAuTWFwbmlrXCI+T3BlblN0cmVldE1hcC5NYXBuaWs8XC9vcHRpb24+PG9wdGlvbiB2YWx1ZT1cIk9wZW5TdHJlZXRNYXAuREVcIj5PcGVuU3RyZWV0TWFwLkRFPFwvb3B0aW9uPjxvcHRpb24gdmFsdWU9XCJPcGVuU3RyZWV0TWFwLkNIXCI+T3BlblN0cmVldE1hcC5DSDxcL29wdGlvbj48b3B0aW9uIHZhbHVlPVwiT3BlblN0cmVldE1hcC5GcmFuY2VcIj5PcGVuU3RyZWV0TWFwLkZyYW5jZTxcL29wdGlvbj48b3B0aW9uIHZhbHVlPVwiT3BlblN0cmVldE1hcC5IT1RcIj5PcGVuU3RyZWV0TWFwLkhPVDxcL29wdGlvbj48b3B0aW9uIHZhbHVlPVwiT3BlblN0cmVldE1hcC5CWkhcIj5PcGVuU3RyZWV0TWFwLkJaSDxcL29wdGlvbj48b3B0aW9uIHZhbHVlPVwiT3BlblRvcG9NYXBcIj5PcGVuVG9wb01hcDxcL29wdGlvbj48b3B0aW9uIHZhbHVlPVwiVGh1bmRlcmZvcmVzdC5PcGVuQ3ljbGVNYXBcIj5UaHVuZGVyZm9yZXN0Lk9wZW5DeWNsZU1hcDxcL29wdGlvbj48b3B0aW9uIHZhbHVlPVwiT3Blbk1hcFN1cmZlci5Sb2Fkc1wiPk9wZW5NYXBTdXJmZXIuUm9hZHM8XC9vcHRpb24+PFwvc2VsZWN0PiIsIm1hcF9ib3hfc3R5bGVzX21hcmt1cCI6IjxzZWxlY3QgY2xhc3M9XCJ3cG9tcF9tYXBib3hfdHlwZVwiPjxvcHRpb24gdmFsdWU9XCJzdHJlZXRzLXYxMVwiPlN0cmVldHM8XC9vcHRpb24+PG9wdGlvbiB2YWx1ZT1cImxpZ2h0LXYxMFwiPkxpZ2h0PFwvb3B0aW9uPjxvcHRpb24gdmFsdWU9XCJkYXJrLXYxMFwiPkRhcms8XC9vcHRpb24+PG9wdGlvbiB2YWx1ZT1cIm91dGRvb3JzLXYxMVwiPk91dGRvb3JzPFwvb3B0aW9uPjxvcHRpb24gdmFsdWU9XCJzYXRlbGxpdGUtdjlcIj5TYXRlbGxpdGU8XC9vcHRpb24+PFwvc2VsZWN0PiIsImJvdW5kX21hcF9hZnRlcl9maWx0ZXIiOmZhbHNlLCJkaXNwbGF5X3Jlc2V0X2J1dHRvbiI6ZmFsc2UsIm1hcF9yZXNldF9idXR0b25fdGV4dCI6Ilp1clx1MDBmY2Nrc2V0emVuIiwiaGVpZ2h0IjoiNjAwIiwidGlsZXNfcHJvdmlkZXIiOiJvcGVuc3RyZWV0In0sInBsYWNlcyI6W3siaWQiOiIxIiwidGl0bGUiOiJBcHBhcnRhbWVudGkgQXJjb2JhbGVubyIsInNvdXJjZSI6Im1hbnVhbCIsImxvY2F0aW9uIjp7Imljb24iOiJodHRwczpcL1wvd3d3LmFwcGFydGFtZW50aWFyY29iYWxlbm8uaXRcL3dwLWNvbnRlbnRcL3BsdWdpbnNcL3dwLWdvb2dsZS1tYXAtcGx1Z2luXC9hc3NldHNcL2ltYWdlc1wvXC9kZWZhdWx0X21hcmtlci5wbmciLCJsYXQiOiI0NS4xNzY2MTIiLCJsbmciOiIxMi4zMTc3NDEiLCJvbmNsaWNrX2FjdGlvbiI6Im1hcmtlciIsIm1hcmtlcl9pbWFnZSI6IjxkaXYgY2xhc3M9J2ZjLWZlYXR1cmUtaW1nJz48aW1nIGxvYWRpbmc9J2xhenknIGRlY29kaW5nPSdhc3luYycgYWx0PSdBcHBhcnRhbWVudGkgQXJjb2JhbGVubycgc3JjPSdodHRwczpcL1wvd3d3LmFwcGFydGFtZW50aWFyY29iYWxlbm8uaXRcL3dwLWNvbnRlbnRcL3BsdWdpbnNcL3dwLWdvb2dsZS1tYXAtcGx1Z2luXC9hc3NldHNcL2ltYWdlc1wvc2FtcGxlLmpwZycgY2xhc3M9J3dwZ21wX21hcmtlcl9pbWFnZSBmYy1pdGVtLWZlYXR1cmVkX2ltYWdlIGZjLWl0ZW0tbGFyZ2UnIFwvPjxcL2Rpdj4iLCJvcGVuX25ld190YWIiOiJ5ZXMiLCJhbmltYXRpb24iOiJCT1VOQ0UiLCJpbmZvd2luZG93X2Rpc2FibGUiOnRydWUsInpvb20iOjUsImV4dHJhX2ZpZWxkcyI6eyJsaXN0b3JkZXIiOjB9fX1dLCJtYXBfcHJvcGVydHkiOnsibWFwX2lkIjoiMiJ9LCJzaGFwZXMiOnsiZHJhd2luZ19lZGl0YWJsZSI6ZmFsc2V9LCJmaWx0ZXJzIjp7ImZpbHRlcnNfY29udGFpbmVyIjoiW2RhdGEtY29udGFpbmVyPVwid3BnbXAtZmlsdGVycy1jb250YWluZXJcIl0ifSwiZ2xvYmFsX3NldHRpbmdzIjpmYWxzZSwicHJvdmlkZXIiOiJnb29nbGUiLCJhcGlLZXkiOiIifQ==\"; });<\/script>[\/vc_column_text][\/vc_column][\/vc_row]<\/p>\n<\/div>","protected":false},"excerpt":{"rendered":"<p>[vc_row css_animation=&#8220;&#8220; row_type=&#8220;row&#8220; use_row_as_full_screen_section=&#8220;no&#8220; type=&#8220;full_width&#8220; angled_section=&#8220;yes&#8220; angled_section_position=&#8220;both&#8220; angled_section_direction=&#8220;from_left_to_right&#8220; text_align=&#8220;center&#8220; background_image_as_pattern=&#8220;without_pattern&#8220; anchor=&#8220;home&#8220; z_index=&#8220;&#8220;][vc_column][rev_slider_vc alias=&#8220;home&#8220;][\/vc_column][\/vc_row][vc_row css_animation=&#8220;&#8220; row_type=&#8220;row&#8220; use_row_as_full_screen_section=&#8220;no&#8220; type=&#8220;grid&#8220; angled_section=&#8220;no&#8220; text_align=&#8220;left&#8220; background_image_as_pattern=&#8220;without_pattern&#8220; anchor=&#8220;descrizione&#8220; padding_top=&#8220;40&#8243; padding_bottom=&#8220;40&#8243; z_index=&#8220;&#8220;][vc_column][vc_empty_space][vc_separator css_animation=&#8220;fadeInDown&#8220; type=&#8220;normal&#8220; color=&#8220;#005aa9&#8243; thickness=&#8220;1&#8243;][vc_empty_space][vc_column_text] Arcobaleno Ferienwohnungen [\/vc_column_text][vc_empty_space][vc_row_inner row_type=&#8220;row&#8220; type=&#8220;full_width&#8220; text_align=&#8220;left&#8220; css_animation=&#8220;&#8220;][vc_column_inner width=&#8220;2\/3&#8243;][vc_column_text]Die Arcobaleno Ferienwohnungen befinden sich in einem neu gebauten Geb\u00e4ude,&#8230;<\/p>\n","protected":false},"author":1,"featured_media":0,"parent":0,"menu_order":0,"comment_status":"closed","ping_status":"closed","template":"full_width.php","meta":{"footnotes":""},"aioseo_notices":[],"_links":{"self":[{"href":"https:\/\/www.appartamentiarcobaleno.it\/de\/wp-json\/wp\/v2\/pages\/1340"}],"collection":[{"href":"https:\/\/www.appartamentiarcobaleno.it\/de\/wp-json\/wp\/v2\/pages"}],"about":[{"href":"https:\/\/www.appartamentiarcobaleno.it\/de\/wp-json\/wp\/v2\/types\/page"}],"author":[{"embeddable":true,"href":"https:\/\/www.appartamentiarcobaleno.it\/de\/wp-json\/wp\/v2\/users\/1"}],"replies":[{"embeddable":true,"href":"https:\/\/www.appartamentiarcobaleno.it\/de\/wp-json\/wp\/v2\/comments?post=1340"}],"version-history":[{"count":5,"href":"https:\/\/www.appartamentiarcobaleno.it\/de\/wp-json\/wp\/v2\/pages\/1340\/revisions"}],"predecessor-version":[{"id":1356,"href":"https:\/\/www.appartamentiarcobaleno.it\/de\/wp-json\/wp\/v2\/pages\/1340\/revisions\/1356"}],"wp:attachment":[{"href":"https:\/\/www.appartamentiarcobaleno.it\/de\/wp-json\/wp\/v2\/media?parent=1340"}],"curies":[{"name":"wp","href":"https:\/\/api.w.org\/{rel}","templated":true}]}}